{"id":1477,"date":"2019-07-06T17:17:39","date_gmt":"2019-07-06T17:17:39","guid":{"rendered":"https:\/\/www.asianinvestmenthub.com\/login\/"},"modified":"2019-07-11T08:12:04","modified_gmt":"2019-07-11T08:12:04","slug":"login","status":"publish","type":"page","link":"https:\/\/www.asianinvestmenthub.com\/tr\/login\/","title":{"rendered":"Oturum a\u00e7"},"content":{"rendered":"<div data-elementor-type=\"wp-page\" data-elementor-id=\"1477\" class=\"elementor elementor-1477\" data-elementor-post-type=\"page\">\n\t\t\t\t\t\t<section class=\"elementor-section elementor-top-section elementor-element elementor-element-4f5451a6 elementor-section-boxed elementor-section-height-default elementor-section-height-default\" data-id=\"4f5451a6\" data-element_type=\"section\" data-e-type=\"section\">\n\t\t\t\t\t\t<div class=\"elementor-container elementor-column-gap-default\">\n\t\t\t\t\t<div class=\"elementor-column elementor-col-50 elementor-top-column elementor-element elementor-element-105c27bf\" data-id=\"105c27bf\" data-element_type=\"column\" data-e-type=\"column\">\n\t\t\t<div class=\"elementor-widget-wrap elementor-element-populated\">\n\t\t\t\t\t\t<div class=\"elementor-element elementor-element-4011b47e elementor-widget elementor-widget-heading\" data-id=\"4011b47e\" data-element_type=\"widget\" data-e-type=\"widget\" data-widget_type=\"heading.default\">\n\t\t\t\t<div class=\"elementor-widget-container\">\n\t\t\t\t\t<h2 class=\"elementor-heading-title elementor-size-default\">Oturum a\u00e7<\/h2>\t\t\t\t<\/div>\n\t\t\t\t<\/div>\n\t\t\t\t\t<\/div>\n\t\t<\/div>\n\t\t\t\t<div class=\"elementor-column elementor-col-50 elementor-top-column elementor-element elementor-element-b2aeda0\" data-id=\"b2aeda0\" data-element_type=\"column\" data-e-type=\"column\">\n\t\t\t<div class=\"elementor-widget-wrap elementor-element-populated\">\n\t\t\t\t\t\t<div class=\"elementor-element elementor-element-6d7a4081 uael-button-halign-right uael-mobile-button-halign-center uael-button-stack-none elementor-widget elementor-widget-uael-buttons\" data-id=\"6d7a4081\" data-element_type=\"widget\" data-e-type=\"widget\" data-widget_type=\"uael-buttons.default\">\n\t\t\t\t<div class=\"elementor-widget-container\">\n\t\t\t\t\t\t\t<div class=\"uael-dual-button-outer-wrap\">\n\t\t\t<div class=\"uael-dual-button-wrap\">\n\t\t\t\t\t\t\t\t<div class=\"uael-button-wrapper uael-dual-button elementor-widget-button elementor-repeater-item-2f623ed uael-dual-button-0\">\n\t\t\t\t\t<a class=\"elementor-button-link elementor-button elementor-size-md elementor-button-link elementor-animation-grow\" href=\"https:\/\/www.asianinvestmenthub.com\/tr\/account\/\">\n\t\t\t\t\t\t\t\t<span class=\"elementor-button-content-wrapper uael-buttons-icon-\">\n\t\t\t\t\t\t\t\t\t\t\t\t<span class=\"elementor-align-icon- elementor-button-icon\">\n\t\t\t\t\t\t\t\t\t\t\t<\/span>\n\t\t\t\t\t\t\t\t\t\t<span class=\"elementor-button-text elementor-inline-editing\" data-elementor-setting-key=\"buttons.0.text\" data-elementor-inline-editing-toolbar=\"none\">Hesab\u0131m<\/span>\n\t\t<\/span>\n\t\t\t\t\t\t\t<\/a>\n\t\t\t\t<\/div>\n\t\t\t\t\t\t\t\t<div class=\"uael-button-wrapper uael-dual-button elementor-widget-button elementor-repeater-item-a8b99ae uael-dual-button-1\">\n\t\t\t\t\t<a class=\"elementor-button-link elementor-button elementor-size-md elementor-button-link elementor-animation-grow\" href=\"https:\/\/www.asianinvestmenthub.com\/tr\/member-area\/\">\n\t\t\t\t\t\t\t\t<span class=\"elementor-button-content-wrapper uael-buttons-icon- elementor-button-content-wrapper uael-buttons-icon-\">\n\t\t\t\t\t\t\t\t\t\t\t\t<span class=\"elementor-align-icon- elementor-button-icon\">\n\t\t\t\t\t\t\t\t\t\t\t<\/span>\n\t\t\t\t\t\t\t\t\t\t<span class=\"elementor-button-text elementor-inline-editing\" data-elementor-setting-key=\"buttons.1.text\" data-elementor-inline-editing-toolbar=\"none\">\u00fcye alan\u0131<\/span>\n\t\t<\/span>\n\t\t\t\t\t\t\t<\/a>\n\t\t\t\t<\/div>\n\t\t\t\t\t\t\t<\/div>\n\t\t<\/div>\n\t\t\t\t\t\t<\/div>\n\t\t\t\t<\/div>\n\t\t\t\t\t<\/div>\n\t\t<\/div>\n\t\t\t\t\t<\/div>\n\t\t<\/section>\n\t\t\t\t<section class=\"elementor-section elementor-top-section elementor-element elementor-element-9cac0f8 elementor-section-boxed elementor-section-height-default elementor-section-height-default\" data-id=\"9cac0f8\" data-element_type=\"section\" data-e-type=\"section\">\n\t\t\t\t\t\t<div class=\"elementor-container elementor-column-gap-default\">\n\t\t\t\t\t<div class=\"elementor-column elementor-col-100 elementor-top-column elementor-element elementor-element-6fa9cd3\" data-id=\"6fa9cd3\" data-element_type=\"column\" data-e-type=\"column\">\n\t\t\t<div class=\"elementor-widget-wrap elementor-element-populated\">\n\t\t\t\t\t\t<div class=\"elementor-element elementor-element-ec3c0bd elementor-widget elementor-widget-shortcode\" data-id=\"ec3c0bd\" data-element_type=\"widget\" data-e-type=\"widget\" data-widget_type=\"shortcode.default\">\n\t\t\t\t<div class=\"elementor-widget-container\">\n\t\t\t\t\t\t\t<div class=\"elementor-shortcode\"><div class=\"login\" id=\"wpuf-login-form\">\n\n    \n    \n    <form name=\"loginform\" class=\"wpuf-login-form\" id=\"loginform\" action=\"https:\/\/www.asianinvestmenthub.com\/tr\/login\/\" method=\"post\">\n        <p>\n            <label for=\"wpuf-user_login\">Username or Email<\/label>\n            <input type=\"text\" name=\"log\" id=\"wpuf-user_login\" class=\"input\" value=\"\" size=\"20\" \/>\n        <\/p>\n        <p>\n            <label for=\"wpuf-user_pass\">\u015eifre<\/label>\n            <input type=\"password\" name=\"pwd\" id=\"wpuf-user_pass\" class=\"input\" value=\"\" size=\"20\" \/>\n        <\/p>\n\n                \n        \n        <p class=\"forgetmenot wpuf-remember-forgot-wrapper\">\n            <span class=\"wpuf-remember-me\">\n                <input name=\"rememberme\" type=\"checkbox\" id=\"wpuf-rememberme\" value=\"forever\" \/>\n                <label for=\"wpuf-rememberme\">Beni Hat\u0131rla<\/label>\n            <\/span>\n            <span class=\"wpuf-lost-password\">\n                <a href=\"https:\/\/www.asianinvestmenthub.com\/tr\/login\/?action=lostpassword\">\u015eifre Unutma<\/a>\n            <\/span>\n        <\/p>\n\n        <p class=\"submit\">\n            <input type=\"submit\" name=\"wp-submit\" id=\"wp-submit\" value=\"Oturum a\u00e7ma\" \/>\n            <input type=\"hidden\" name=\"redirect_to\" value=\"https:\/\/www.asianinvestmenthub.com\/tr\/member-area\/\" \/>\n            <input type=\"hidden\" name=\"wpuf_login\" value=\"true\" \/>\n            <input type=\"hidden\" name=\"action\" value=\"login\" \/>\n            <input type=\"hidden\" id=\"wpuf-login-nonce\" name=\"wpuf-login-nonce\" value=\"e6dd5d1061\" \/><input type=\"hidden\" name=\"_wp_http_referer\" value=\"\/tr\/wp-json\/wp\/v2\/pages\/1477\" \/>        <\/p>\n        <p>\n                    <\/p>\n    <\/form>\n\n    <div class=\"wpuf-action-links\">\n        <span class=\"wpuf-register-text\">Don't have an account? <\/span><a href=\"https:\/\/www.asianinvestmenthub.com\/tr\/free-membership\/\">Kaydolma<\/a>    <\/div>\n<\/div>\n<\/div>\n\t\t\t\t\t\t<\/div>\n\t\t\t\t<\/div>\n\t\t\t\t\t<\/div>\n\t\t<\/div>\n\t\t\t\t\t<\/div>\n\t\t<\/section>\n\t\t\t\t<\/div>","protected":false},"excerpt":{"rendered":"<p>Login My Account Member Area<\/p>","protected":false},"author":3,"featured_media":0,"parent":0,"menu_order":0,"comment_status":"closed","ping_status":"closed","template":"","meta":{"site-sidebar-layout":"no-sidebar","site-content-layout":"page-builder","ast-site-content-layout":"default","site-content-style":"default","site-sidebar-style":"default","ast-global-header-display":"","ast-banner-title-visibility":"","ast-main-header-display":"","ast-hfb-above-header-display":"","ast-hfb-below-header-display":"","ast-hfb-mobile-header-display":"","site-post-title":"disabled","ast-breadcrumbs-content":"","ast-featured-img":"disabled","footer-sml-layout":"","ast-disable-related-posts":"","theme-transparent-header-meta":"default","adv-header-id-meta":"","stick-header-meta":"","header-above-stick-meta":"","header-main-stick-meta":"","header-below-stick-meta":"","astra-migrate-meta-layouts":"default","ast-page-background-enabled":"default","ast-page-background-meta":{"desktop":{"background-color":"","background-image":"","background-repeat":"repeat","background-position":"center center","background-size":"auto","background-attachment":"scroll","background-type":"","background-media":"","overlay-type":"","overlay-color":"","overlay-opacity":"","overlay-gradient":""},"tablet":{"background-color":"","background-image":"","background-repeat":"repeat","background-position":"center center","background-size":"auto","background-attachment":"scroll","background-type":"","background-media":"","overlay-type":"","overlay-color":"","overlay-opacity":"","overlay-gradient":""},"mobile":{"background-color":"","background-image":"","background-repeat":"repeat","background-position":"center center","background-size":"auto","background-attachment":"scroll","background-type":"","background-media":"","overlay-type":"","overlay-color":"","overlay-opacity":"","overlay-gradient":""}},"ast-content-background-meta":{"desktop":{"background-color":"var(--ast-global-color-5)","background-image":"","background-repeat":"repeat","background-position":"center center","background-size":"auto","background-attachment":"scroll","background-type":"","background-media":"","overlay-type":"","overlay-color":"","overlay-opacity":"","overlay-gradient":""},"tablet":{"background-color":"var(--ast-global-color-5)","background-image":"","background-repeat":"repeat","background-position":"center center","background-size":"auto","background-attachment":"scroll","background-type":"","background-media":"","overlay-type":"","overlay-color":"","overlay-opacity":"","overlay-gradient":""},"mobile":{"background-color":"var(--ast-global-color-5)","background-image":"","background-repeat":"repeat","background-position":"center center","background-size":"auto","background-attachment":"scroll","background-type":"","background-media":"","overlay-type":"","overlay-color":"","overlay-opacity":"","overlay-gradient":""}},"footnotes":""},"class_list":["post-1477","page","type-page","status-publish","hentry"],"yoast_head":"<!-- This site is optimized with the Yoast SEO plugin v27.2 - https:\/\/yoast.com\/product\/yoast-seo-wordpress\/ -->\n<title>Login - Asian Investment Hub<\/title>\n<meta name=\"robots\" content=\"index, follow, max-snippet:-1, max-image-preview:large, max-video-preview:-1\" \/>\n<link rel=\"canonical\" href=\"https:\/\/www.asianinvestmenthub.com\/tr\/login\/\" \/>\n<meta property=\"og:locale\" content=\"tr_TR\" \/>\n<meta property=\"og:type\" content=\"article\" \/>\n<meta property=\"og:title\" content=\"Login - Asian Investment Hub\" \/>\n<meta property=\"og:description\" content=\"Login My Account Member Area\" \/>\n<meta property=\"og:url\" content=\"https:\/\/www.asianinvestmenthub.com\/tr\/login\/\" \/>\n<meta property=\"og:site_name\" content=\"Asian Investment Hub\" \/>\n<meta property=\"article:modified_time\" content=\"2019-07-11T08:12:04+00:00\" \/>\n<meta name=\"twitter:card\" content=\"summary_large_image\" \/>\n<script type=\"application\/ld+json\" class=\"yoast-schema-graph\">{\"@context\":\"https:\/\/schema.org\",\"@graph\":[{\"@type\":\"WebPage\",\"@id\":\"https:\/\/www.asianinvestmenthub.com\/ar\/login\/\",\"url\":\"https:\/\/www.asianinvestmenthub.com\/ar\/login\/\",\"name\":\"Login - Asian Investment Hub\",\"isPartOf\":{\"@id\":\"https:\/\/www.asianinvestmenthub.com\/#website\"},\"datePublished\":\"2019-07-06T17:17:39+00:00\",\"dateModified\":\"2019-07-11T08:12:04+00:00\",\"breadcrumb\":{\"@id\":\"https:\/\/www.asianinvestmenthub.com\/ar\/login\/#breadcrumb\"},\"inLanguage\":\"tr\",\"potentialAction\":[{\"@type\":\"ReadAction\",\"target\":[\"https:\/\/www.asianinvestmenthub.com\/ar\/login\/\"]}]},{\"@type\":\"BreadcrumbList\",\"@id\":\"https:\/\/www.asianinvestmenthub.com\/ar\/login\/#breadcrumb\",\"itemListElement\":[{\"@type\":\"ListItem\",\"position\":1,\"name\":\"Home\",\"item\":\"https:\/\/www.asianinvestmenthub.com\/\"},{\"@type\":\"ListItem\",\"position\":2,\"name\":\"Login\"}]},{\"@type\":\"WebSite\",\"@id\":\"https:\/\/www.asianinvestmenthub.com\/#website\",\"url\":\"https:\/\/www.asianinvestmenthub.com\/\",\"name\":\"Asian Investment Hub\",\"description\":\"International Investment Hub\",\"publisher\":{\"@id\":\"https:\/\/www.asianinvestmenthub.com\/#organization\"},\"potentialAction\":[{\"@type\":\"SearchAction\",\"target\":{\"@type\":\"EntryPoint\",\"urlTemplate\":\"https:\/\/www.asianinvestmenthub.com\/?s={search_term_string}\"},\"query-input\":{\"@type\":\"PropertyValueSpecification\",\"valueRequired\":true,\"valueName\":\"search_term_string\"}}],\"inLanguage\":\"tr\"},{\"@type\":\"Organization\",\"@id\":\"https:\/\/www.asianinvestmenthub.com\/#organization\",\"name\":\"Asian Investment Hub\",\"url\":\"https:\/\/www.asianinvestmenthub.com\/\",\"logo\":{\"@type\":\"ImageObject\",\"inLanguage\":\"tr\",\"@id\":\"https:\/\/www.asianinvestmenthub.com\/#\/schema\/logo\/image\/\",\"url\":\"https:\/\/www.asianinvestmenthub.com\/wp-content\/uploads\/2019\/06\/login-logo.png\",\"contentUrl\":\"https:\/\/www.asianinvestmenthub.com\/wp-content\/uploads\/2019\/06\/login-logo.png\",\"width\":200,\"height\":144,\"caption\":\"Asian Investment Hub\"},\"image\":{\"@id\":\"https:\/\/www.asianinvestmenthub.com\/#\/schema\/logo\/image\/\"}}]}<\/script>\n<!-- \/ Yoast SEO plugin. -->","yoast_head_json":{"title":"Login - Asian Investment Hub","robots":{"index":"index","follow":"follow","max-snippet":"max-snippet:-1","max-image-preview":"max-image-preview:large","max-video-preview":"max-video-preview:-1"},"canonical":"https:\/\/www.asianinvestmenthub.com\/tr\/login\/","og_locale":"tr_TR","og_type":"article","og_title":"Login - Asian Investment Hub","og_description":"Login My Account Member Area","og_url":"https:\/\/www.asianinvestmenthub.com\/tr\/login\/","og_site_name":"Asian Investment Hub","article_modified_time":"2019-07-11T08:12:04+00:00","twitter_card":"summary_large_image","schema":{"@context":"https:\/\/schema.org","@graph":[{"@type":"WebPage","@id":"https:\/\/www.asianinvestmenthub.com\/ar\/login\/","url":"https:\/\/www.asianinvestmenthub.com\/ar\/login\/","name":"Login - Asian Investment Hub","isPartOf":{"@id":"https:\/\/www.asianinvestmenthub.com\/#website"},"datePublished":"2019-07-06T17:17:39+00:00","dateModified":"2019-07-11T08:12:04+00:00","breadcrumb":{"@id":"https:\/\/www.asianinvestmenthub.com\/ar\/login\/#breadcrumb"},"inLanguage":"tr","potentialAction":[{"@type":"ReadAction","target":["https:\/\/www.asianinvestmenthub.com\/ar\/login\/"]}]},{"@type":"BreadcrumbList","@id":"https:\/\/www.asianinvestmenthub.com\/ar\/login\/#breadcrumb","itemListElement":[{"@type":"ListItem","position":1,"name":"Home","item":"https:\/\/www.asianinvestmenthub.com\/"},{"@type":"ListItem","position":2,"name":"Login"}]},{"@type":"WebSite","@id":"https:\/\/www.asianinvestmenthub.com\/#website","url":"https:\/\/www.asianinvestmenthub.com\/","name":"Asya Yat\u0131r\u0131m Merkezi","description":"Uluslararas\u0131 Yat\u0131r\u0131m Merkezi","publisher":{"@id":"https:\/\/www.asianinvestmenthub.com\/#organization"},"potentialAction":[{"@type":"SearchAction","target":{"@type":"EntryPoint","urlTemplate":"https:\/\/www.asianinvestmenthub.com\/?s={search_term_string}"},"query-input":{"@type":"PropertyValueSpecification","valueRequired":true,"valueName":"search_term_string"}}],"inLanguage":"tr"},{"@type":"Organization","@id":"https:\/\/www.asianinvestmenthub.com\/#organization","name":"Asya Yat\u0131r\u0131m Merkezi","url":"https:\/\/www.asianinvestmenthub.com\/","logo":{"@type":"ImageObject","inLanguage":"tr","@id":"https:\/\/www.asianinvestmenthub.com\/#\/schema\/logo\/image\/","url":"https:\/\/www.asianinvestmenthub.com\/wp-content\/uploads\/2019\/06\/login-logo.png","contentUrl":"https:\/\/www.asianinvestmenthub.com\/wp-content\/uploads\/2019\/06\/login-logo.png","width":200,"height":144,"caption":"Asian Investment Hub"},"image":{"@id":"https:\/\/www.asianinvestmenthub.com\/#\/schema\/logo\/image\/"}}]}},"_links":{"self":[{"href":"https:\/\/www.asianinvestmenthub.com\/tr\/wp-json\/wp\/v2\/pages\/1477","targetHints":{"allow":["GET"]}}],"collection":[{"href":"https:\/\/www.asianinvestmenthub.com\/tr\/wp-json\/wp\/v2\/pages"}],"about":[{"href":"https:\/\/www.asianinvestmenthub.com\/tr\/wp-json\/wp\/v2\/types\/page"}],"author":[{"embeddable":true,"href":"https:\/\/www.asianinvestmenthub.com\/tr\/wp-json\/wp\/v2\/users\/3"}],"replies":[{"embeddable":true,"href":"https:\/\/www.asianinvestmenthub.com\/tr\/wp-json\/wp\/v2\/comments?post=1477"}],"version-history":[{"count":5,"href":"https:\/\/www.asianinvestmenthub.com\/tr\/wp-json\/wp\/v2\/pages\/1477\/revisions"}],"predecessor-version":[{"id":4260,"href":"https:\/\/www.asianinvestmenthub.com\/tr\/wp-json\/wp\/v2\/pages\/1477\/revisions\/4260"}],"wp:attachment":[{"href":"https:\/\/www.asianinvestmenthub.com\/tr\/wp-json\/wp\/v2\/media?parent=1477"}],"curies":[{"name":"wp","href":"https:\/\/api.w.org\/{rel}","templated":true}]}}